{"id":12,"date":"2019-09-09T18:59:39","date_gmt":"2019-09-09T16:59:39","guid":{"rendered":"http:\/\/iliomare.gr.88-99-71-143.linuxzone75.grserver.gr\/?page_id=9"},"modified":"2024-12-11T22:58:42","modified_gmt":"2024-12-11T20:58:42","slug":"home","status":"publish","type":"page","link":"https:\/\/hotelsrimondi.com\/de\/","title":{"rendered":"Home"},"content":{"rendered":"Willkommen im gastfreundlichen Kreta und bei den bekannten RIMONDI BOUTIQUE HOTELS. Ein H\u00f6hepunkt an Eleganz &amp; Weltb\u00fcrgertum gleich im lebendigen venezianischen Viertel Rethymnos, ein Ziel f\u00fcr w\u00e4hlerische Reisende.<\/p>\n<p>\u00dcbernachten Sie in der absoluten Ruhe zweier verschiedenartiger Geb\u00e4ude, umwerfender, stiller G\u00e4rten und Swimmingpools im romantischen Stil. Die 20 eleganten Zimmer und Maisonetten und die 13 luxuri\u00f6sen Suiten verf\u00fcgen alle \u00fcber untadelige Einrichtungen und sind der Inbegriff von Gastfreundschaft und Service.","protected":false},"excerpt":{"rendered":"<p>Willkommen im gastfreundlichen Kreta und bei den bekannten RIMONDI BOUTIQUE HOTELS. Ein H\u00f6hepunkt an Eleganz &amp; Weltb\u00fcrgertum gleich im lebendigen venezianischen Viertel Rethymnos, ein Ziel f\u00fcr w\u00e4hlerische Reisende. \u00dcbernachten Sie in der absoluten Ruhe zweier verschiedenartiger Geb\u00e4ude, umwerfender, stiller G\u00e4rten&hellip;<\/p>\n","protected":false},"author":1,"featured_media":0,"parent":0,"menu_order":0,"comment_status":"closed","ping_status":"closed","template":"kobo\/home.php","meta":{"_acf_changed":false,"footnotes":""},"class_list":["post-12","page","type-page","status-publish","hentry","entry","no-media"],"acf":[],"_links":{"self":[{"href":"https:\/\/hotelsrimondi.com\/de\/wp-json\/wp\/v2\/pages\/12","targetHints":{"allow":["GET"]}}],"collection":[{"href":"https:\/\/hotelsrimondi.com\/de\/wp-json\/wp\/v2\/pages"}],"about":[{"href":"https:\/\/hotelsrimondi.com\/de\/wp-json\/wp\/v2\/types\/page"}],"author":[{"embeddable":true,"href":"https:\/\/hotelsrimondi.com\/de\/wp-json\/wp\/v2\/users\/1"}],"replies":[{"embeddable":true,"href":"https:\/\/hotelsrimondi.com\/de\/wp-json\/wp\/v2\/comments?post=12"}],"version-history":[{"count":60,"href":"https:\/\/hotelsrimondi.com\/de\/wp-json\/wp\/v2\/pages\/12\/revisions"}],"predecessor-version":[{"id":889,"href":"https:\/\/hotelsrimondi.com\/de\/wp-json\/wp\/v2\/pages\/12\/revisions\/889"}],"wp:attachment":[{"href":"https:\/\/hotelsrimondi.com\/de\/wp-json\/wp\/v2\/media?parent=12"}],"curies":[{"name":"wp","href":"https:\/\/api.w.org\/{rel}","templated":true}]}}