{"id":13,"date":"2019-09-09T18:59:48","date_gmt":"2019-09-09T16:59:48","guid":{"rendered":"http:\/\/iliomare.gr.88-99-71-143.linuxzone75.grserver.gr\/?page_id=11"},"modified":"2024-12-11T12:14:43","modified_gmt":"2024-12-11T10:14:43","slug":"accommodation","status":"publish","type":"page","link":"https:\/\/hotelsrimondi.com\/de\/accommodation\/","title":{"rendered":"Accommodation"},"content":{"rendered":"<strong>Die Geb\u00e4udeanlage, welche die PALAZZO-RIMONDI beherbergt,<\/strong>\u00a0reicht teilweise bis zur venezianischen Besatzung Kretas (1200 \u2013 1600 AD) zur\u00fcck und wurde offensichtlich durch die Renaissance beeinflusst. Es folgte eine Reihe k\u00fcnstlerischer Umbauten in der Form von Anbauten w\u00e4hrend der t\u00fcrkischen Besatzung sowie im 19. und 20. Jahrhundert.<\/p>\n<p><strong>Die Geb\u00e4udeanlage, welche die RIMONDI\u00a0ESTATE\u00a0beherbergt<\/strong>\u00a0, ist f\u00fcr Reisende gedacht, welche in einer Umgebung einzigartiger Architektur \u00fcbernachten m\u00f6chten und f\u00fcr all jene, die diskreten Luxus und raffinierte Eleganz genie\u00dfen wollen. Stets gepaart mit Weltoffenheit.","protected":false},"excerpt":{"rendered":"<p>Die Geb\u00e4udeanlage, welche die PALAZZO-RIMONDI beherbergt,\u00a0reicht teilweise bis zur venezianischen Besatzung Kretas (1200 \u2013 1600 AD) zur\u00fcck und wurde offensichtlich durch die Renaissance beeinflusst. Es folgte eine Reihe k\u00fcnstlerischer Umbauten in der Form von Anbauten w\u00e4hrend der t\u00fcrkischen Besatzung sowie&hellip;<\/p>\n","protected":false},"author":1,"featured_media":0,"parent":0,"menu_order":0,"comment_status":"closed","ping_status":"closed","template":"kobo\/rooms.php","meta":{"_acf_changed":false,"footnotes":""},"class_list":["post-13","page","type-page","status-publish","hentry","entry","no-media"],"acf":[],"_links":{"self":[{"href":"https:\/\/hotelsrimondi.com\/de\/wp-json\/wp\/v2\/pages\/13","targetHints":{"allow":["GET"]}}],"collection":[{"href":"https:\/\/hotelsrimondi.com\/de\/wp-json\/wp\/v2\/pages"}],"about":[{"href":"https:\/\/hotelsrimondi.com\/de\/wp-json\/wp\/v2\/types\/page"}],"author":[{"embeddable":true,"href":"https:\/\/hotelsrimondi.com\/de\/wp-json\/wp\/v2\/users\/1"}],"replies":[{"embeddable":true,"href":"https:\/\/hotelsrimondi.com\/de\/wp-json\/wp\/v2\/comments?post=13"}],"version-history":[{"count":3,"href":"https:\/\/hotelsrimondi.com\/de\/wp-json\/wp\/v2\/pages\/13\/revisions"}],"predecessor-version":[{"id":865,"href":"https:\/\/hotelsrimondi.com\/de\/wp-json\/wp\/v2\/pages\/13\/revisions\/865"}],"wp:attachment":[{"href":"https:\/\/hotelsrimondi.com\/de\/wp-json\/wp\/v2\/media?parent=13"}],"curies":[{"name":"wp","href":"https:\/\/api.w.org\/{rel}","templated":true}]}}