{"id":172,"date":"2019-10-15T19:43:22","date_gmt":"2019-10-15T17:43:22","guid":{"rendered":"http:\/\/biancolympico.com.88-99-71-143.linuxzone75.grserver.gr\/?page_id=164"},"modified":"2025-09-22T13:18:20","modified_gmt":"2025-09-22T11:18:20","slug":"facilities","status":"publish","type":"page","link":"https:\/\/hotelsrimondi.com\/de\/facilities\/","title":{"rendered":"Einrichtungen"},"content":{"rendered":"<div class=\"exp-block\">\n<div class=\"exp-content\">\n<ul>\n<li>Satellitenfernsehen<\/li>\n<li>Safe<\/li>\n<li>Minibar<\/li>\n<li>Kaffee- und Teezubereiter im Zimmer<\/li>\n<li>Traditionelles Hamam<\/li>\n<li>Suiten mit Au\u00dfen-Whirlpool<\/li>\n<li>Glitzernde Teich-Swimmingpools<\/li>\n<li>Pool-Handt\u00fccher<\/li>\n<li>Innenh\u00f6fe mit entspannender Atmosph\u00e4re<\/li>\n<li>Dachterrasse f\u00fcr Sonnenb\u00e4der<\/li>\n<li>Au\u00dfenpool<\/li>\n<li>Kostenloses WLAN in Zimmern und \u00f6ffentlichen Bereichen<\/li>\n<li>Internet- und Computerecke<\/li>\n<li>Gem\u00fctlicher Loungebereich<\/li>\n<li>Besprechungsraum (f\u00fcr bis zu 10 Personen)<\/li>\n<li>Bar<\/li>\n<\/ul>\n<\/div>\n<\/div>","protected":false},"excerpt":{"rendered":"<p>Satellitenfernsehen Safe Minibar Kaffee- und Teezubereiter im Zimmer Traditionelles Hamam Suiten mit Au\u00dfen-Whirlpool Glitzernde Teich-Swimmingpools Pool-Handt\u00fccher Innenh\u00f6fe mit entspannender Atmosph\u00e4re Dachterrasse f\u00fcr Sonnenb\u00e4der Au\u00dfenpool Kostenloses WLAN in Zimmern und \u00f6ffentlichen Bereichen Internet- und Computerecke Gem\u00fctlicher Loungebereich Besprechungsraum (f\u00fcr bis zu&hellip;<\/p>\n","protected":false},"author":1,"featured_media":0,"parent":0,"menu_order":0,"comment_status":"closed","ping_status":"closed","template":"kobo\/about.php","meta":{"_acf_changed":false,"footnotes":""},"class_list":["post-172","page","type-page","status-publish","hentry","entry","no-media"],"acf":[],"_links":{"self":[{"href":"https:\/\/hotelsrimondi.com\/de\/wp-json\/wp\/v2\/pages\/172","targetHints":{"allow":["GET"]}}],"collection":[{"href":"https:\/\/hotelsrimondi.com\/de\/wp-json\/wp\/v2\/pages"}],"about":[{"href":"https:\/\/hotelsrimondi.com\/de\/wp-json\/wp\/v2\/types\/page"}],"author":[{"embeddable":true,"href":"https:\/\/hotelsrimondi.com\/de\/wp-json\/wp\/v2\/users\/1"}],"replies":[{"embeddable":true,"href":"https:\/\/hotelsrimondi.com\/de\/wp-json\/wp\/v2\/comments?post=172"}],"version-history":[{"count":52,"href":"https:\/\/hotelsrimondi.com\/de\/wp-json\/wp\/v2\/pages\/172\/revisions"}],"predecessor-version":[{"id":895,"href":"https:\/\/hotelsrimondi.com\/de\/wp-json\/wp\/v2\/pages\/172\/revisions\/895"}],"wp:attachment":[{"href":"https:\/\/hotelsrimondi.com\/de\/wp-json\/wp\/v2\/media?parent=172"}],"curies":[{"name":"wp","href":"https:\/\/api.w.org\/{rel}","templated":true}]}}