{"id":19,"date":"2019-09-09T19:00:19","date_gmt":"2019-09-09T17:00:19","guid":{"rendered":"http:\/\/iliomare.gr.88-99-71-143.linuxzone75.grserver.gr\/?page_id=19"},"modified":"2024-12-11T12:18:19","modified_gmt":"2024-12-11T10:18:19","slug":"location","status":"publish","type":"page","link":"https:\/\/hotelsrimondi.com\/de\/location\/","title":{"rendered":"Location"},"content":{"rendered":"Das Hotel befindet sich im Herzen der mittelalterlichen Altstadt Rethymnos, neben dessen wichtigsten Monumenten, wie dem Fortezza (dem venezianischen Fort), der Loggia, dem Rimondi-Brunnen und der Kirche des hl. Franziskus.<\/p>\n<p>Um von Iraklio oder Chania zu den Rimondi Boutique Hotels zu gelangen, folgen Sie der Route nach Rethymno entlang der K\u00fcste und dem venezianischen Fort. Auf Anfrage wird das Hotel den Transfer Ihres Gep\u00e4cks organisieren. Wenn Sie am Hafen von Rethymno ankommen, begeben Sie sich auf die Stra\u00dfe Arkadiou und biegen rechts nach Melissinou Stra\u00dfe ab. Nachdem Sie die katholische Kirche passiert haben, finden Sie links die Xanthoudidou Stra\u00dfe, wo sich nach nur 100 Metern die Rimondi Hotels befinden. Xanthoudidou-Stra\u00dfe ist eine Fu\u00dfg\u00e4ngerzone. Deshalb ist Parken hier nicht gestattet. Wir raten Ihnen, Ihr Fahrzeug an den Parkpl\u00e4tzen entlang der Melissinou Stra\u00dfe oder am Hafen abzustellen.<\/p>\n<div class=\"banners-front-space\">\n<div id=\"wrap\">\n<div id=\"right_col\">\n<p>Flughafen Iraklio &#8211; 85 km<\/p>\n<p>Flughafen Chania &#8211; 70 km<\/p>\n<\/div>\n<\/div>\n<\/div>\n<div class=\"banners-front-space-b\">\n<div id=\"wrap\">\n<div id=\"right_col\">\n<p>Hafen Rethymno &#8211; 250 meters \/ Hafen Chania &#8211; 85 km<\/p>\n<p>Hafen Iraklio &#8211; 70 km<\/p>\n<\/div>\n<\/div>\n<\/div>\n<div class=\"banners-front-space-c\">\n<div id=\"wrap\">\n<div id=\"left_col-b\">Arch\u00e4ologisches Museum &#8211; 180 Meter<\/div>\n<\/div>\n<\/div>","protected":false},"excerpt":{"rendered":"<p>Das Hotel befindet sich im Herzen der mittelalterlichen Altstadt Rethymnos, neben dessen wichtigsten Monumenten, wie dem Fortezza (dem venezianischen Fort), der Loggia, dem Rimondi-Brunnen und der Kirche des hl. Franziskus. Um von Iraklio oder Chania zu den Rimondi Boutique Hotels&hellip;<\/p>\n","protected":false},"author":1,"featured_media":0,"parent":0,"menu_order":0,"comment_status":"closed","ping_status":"closed","template":"kobo\/location.php","meta":{"_acf_changed":false,"footnotes":""},"class_list":["post-19","page","type-page","status-publish","hentry","entry","no-media"],"acf":[],"_links":{"self":[{"href":"https:\/\/hotelsrimondi.com\/de\/wp-json\/wp\/v2\/pages\/19","targetHints":{"allow":["GET"]}}],"collection":[{"href":"https:\/\/hotelsrimondi.com\/de\/wp-json\/wp\/v2\/pages"}],"about":[{"href":"https:\/\/hotelsrimondi.com\/de\/wp-json\/wp\/v2\/types\/page"}],"author":[{"embeddable":true,"href":"https:\/\/hotelsrimondi.com\/de\/wp-json\/wp\/v2\/users\/1"}],"replies":[{"embeddable":true,"href":"https:\/\/hotelsrimondi.com\/de\/wp-json\/wp\/v2\/comments?post=19"}],"version-history":[{"count":22,"href":"https:\/\/hotelsrimondi.com\/de\/wp-json\/wp\/v2\/pages\/19\/revisions"}],"predecessor-version":[{"id":871,"href":"https:\/\/hotelsrimondi.com\/de\/wp-json\/wp\/v2\/pages\/19\/revisions\/871"}],"wp:attachment":[{"href":"https:\/\/hotelsrimondi.com\/de\/wp-json\/wp\/v2\/media?parent=19"}],"curies":[{"name":"wp","href":"https:\/\/api.w.org\/{rel}","templated":true}]}}