{"id":356,"date":"2019-12-12T14:31:21","date_gmt":"2019-12-12T12:31:21","guid":{"rendered":"http:\/\/hotelsrimondi.com.88-99-71-143.linuxzone75.grserver.gr\/?page_id=356"},"modified":"2024-12-11T22:00:27","modified_gmt":"2024-12-11T20:00:27","slug":"palazzo-rimondi","status":"publish","type":"page","link":"https:\/\/hotelsrimondi.com\/de\/palazzo-rimondi\/","title":{"rendered":"Palazzo Rimondi"},"content":{"rendered":"Das Palazzo Rimondi befindet sich teilweise in einem Geb\u00e4ude, das aus der venezianischen Besatzung Kretas (1200 \u2013 1600 n. Chr.) stammt und deutliche Einfl\u00fcsse der Renaissance tr\u00e4gt.<\/p>\n<p>Es folgte eine Reihe von Phasen aufwendiger Bauarbeiten in Form von Erweiterungen w\u00e4hrend der t\u00fcrkischen Besatzung sowie im 19. und 20. Jahrhundert.","protected":false},"excerpt":{"rendered":"<p>Das Palazzo Rimondi befindet sich teilweise in einem Geb\u00e4ude, das aus der venezianischen Besatzung Kretas (1200 \u2013 1600 n. Chr.) stammt und deutliche Einfl\u00fcsse der Renaissance tr\u00e4gt. Es folgte eine Reihe von Phasen aufwendiger Bauarbeiten in Form von Erweiterungen w\u00e4hrend&hellip;<\/p>\n","protected":false},"author":1,"featured_media":0,"parent":0,"menu_order":0,"comment_status":"closed","ping_status":"closed","template":"kobo\/roomspalazzo.php","meta":{"_acf_changed":false,"footnotes":""},"class_list":["post-356","page","type-page","status-publish","hentry","entry","no-media"],"acf":[],"_links":{"self":[{"href":"https:\/\/hotelsrimondi.com\/de\/wp-json\/wp\/v2\/pages\/356","targetHints":{"allow":["GET"]}}],"collection":[{"href":"https:\/\/hotelsrimondi.com\/de\/wp-json\/wp\/v2\/pages"}],"about":[{"href":"https:\/\/hotelsrimondi.com\/de\/wp-json\/wp\/v2\/types\/page"}],"author":[{"embeddable":true,"href":"https:\/\/hotelsrimondi.com\/de\/wp-json\/wp\/v2\/users\/1"}],"replies":[{"embeddable":true,"href":"https:\/\/hotelsrimondi.com\/de\/wp-json\/wp\/v2\/comments?post=356"}],"version-history":[{"count":8,"href":"https:\/\/hotelsrimondi.com\/de\/wp-json\/wp\/v2\/pages\/356\/revisions"}],"predecessor-version":[{"id":888,"href":"https:\/\/hotelsrimondi.com\/de\/wp-json\/wp\/v2\/pages\/356\/revisions\/888"}],"wp:attachment":[{"href":"https:\/\/hotelsrimondi.com\/de\/wp-json\/wp\/v2\/media?parent=356"}],"curies":[{"name":"wp","href":"https:\/\/api.w.org\/{rel}","templated":true}]}}