{"id":463,"date":"2020-01-10T14:28:06","date_gmt":"2020-01-10T12:28:06","guid":{"rendered":"http:\/\/hotelsrimondi.com.88-99-71-143.linuxzone75.grserver.gr\/?page_id=463"},"modified":"2024-12-11T21:54:08","modified_gmt":"2024-12-11T19:54:08","slug":"wellness-center","status":"publish","type":"page","link":"https:\/\/hotelsrimondi.com\/de\/wellness-center\/","title":{"rendered":"Wellness Center"},"content":{"rendered":"Tauchen Sie ein in das traditionelle Hammam von Rimondi. Unser Hammam kombiniert K\u00f6rperentgiftung und Dampfb\u00e4der. Es ist mehr als nur ein Ort der k\u00f6rperlichen Reinigung \u2013 es verbindet das Zusammensein mit Freunden mit einer tief entspannenden und beruhigenden Erfahrung. Entdecken Sie ein Refugium der Ruhe, das Sie entspannt, erfrischt und revitalisiert zur\u00fcckl\u00e4sst.<\/p>\n<p>\u00d6ffnungszeiten: 09:00 &#8211; 23:00<\/p>\n<p>F\u00fcr den Hammam-Service kontaktieren Sie bitte die Rezeption mindestens eine Stunde im Voraus.<\/p>\n<p>Bitte lassen Sie sich \u00fcber die Vorteile und Kontraindikationen des Hammams informieren, bevor Sie es nutzen.<\/p>\n<p>Suiten mit Au\u00dfen-Jacuzzi<\/p>\n<p>Erreichen Sie h\u00f6chste Gl\u00fcckseligkeit im Komfort Ihrer eigenen Suite, w\u00e4hrend Sie in einer unserer Suiten mit Au\u00dfen-Jacuzzi \u00fcbernachten.<\/p>\n<p>Mit einem privaten Garten und Au\u00dfen-Jacuzzi, einem luxuri\u00f6sen Schlafzimmer mit Kingsize-Bett, Schlafsofa und einem wundersch\u00f6n gestalteten Badezimmer sind diese exquisiten Suiten die perfekte Wahl f\u00fcr eine wunderbar entspannende Auszeit. Entspannen Sie sich in Ihrer Suite f\u00fcr einen wohlverdienten Moment der Gl\u00fcckseligkeit.","protected":false},"excerpt":{"rendered":"<p>Tauchen Sie ein in das traditionelle Hammam von Rimondi. Unser Hammam kombiniert K\u00f6rperentgiftung und Dampfb\u00e4der. Es ist mehr als nur ein Ort der k\u00f6rperlichen Reinigung \u2013 es verbindet das Zusammensein mit Freunden mit einer tief entspannenden und beruhigenden Erfahrung. Entdecken&hellip;<\/p>\n","protected":false},"author":1,"featured_media":0,"parent":0,"menu_order":0,"comment_status":"closed","ping_status":"closed","template":"kobo\/spa.php","meta":{"_acf_changed":false,"footnotes":""},"class_list":["post-463","page","type-page","status-publish","hentry","entry","no-media"],"acf":[],"_links":{"self":[{"href":"https:\/\/hotelsrimondi.com\/de\/wp-json\/wp\/v2\/pages\/463","targetHints":{"allow":["GET"]}}],"collection":[{"href":"https:\/\/hotelsrimondi.com\/de\/wp-json\/wp\/v2\/pages"}],"about":[{"href":"https:\/\/hotelsrimondi.com\/de\/wp-json\/wp\/v2\/types\/page"}],"author":[{"embeddable":true,"href":"https:\/\/hotelsrimondi.com\/de\/wp-json\/wp\/v2\/users\/1"}],"replies":[{"embeddable":true,"href":"https:\/\/hotelsrimondi.com\/de\/wp-json\/wp\/v2\/comments?post=463"}],"version-history":[{"count":36,"href":"https:\/\/hotelsrimondi.com\/de\/wp-json\/wp\/v2\/pages\/463\/revisions"}],"predecessor-version":[{"id":885,"href":"https:\/\/hotelsrimondi.com\/de\/wp-json\/wp\/v2\/pages\/463\/revisions\/885"}],"wp:attachment":[{"href":"https:\/\/hotelsrimondi.com\/de\/wp-json\/wp\/v2\/media?parent=463"}],"curies":[{"name":"wp","href":"https:\/\/api.w.org\/{rel}","templated":true}]}}