{"id":12,"date":"2019-09-09T18:59:39","date_gmt":"2019-09-09T16:59:39","guid":{"rendered":"http:\/\/iliomare.gr.88-99-71-143.linuxzone75.grserver.gr\/?page_id=9"},"modified":"2024-12-11T22:58:42","modified_gmt":"2024-12-11T20:58:42","slug":"home","status":"publish","type":"page","link":"https:\/\/hotelsrimondi.com\/fr\/","title":{"rendered":"Home"},"content":{"rendered":"Bienvenue en tr\u00e8s hospitali\u00e8re terre cr\u00e9toise et aux renomm\u00e9es\u00a0H\u00d4TELS-BOUTIQUE RIMONDI.\u00a0Les voyageurs \u00e9clectiques d\u00e9couvriront le summum de l\u2019\u00e9l\u00e9gance et du cosmopolitisme en plein c\u0153ur du vibrant quartier v\u00e9nitien de R\u00e9thymnon.<\/p>\n<p>S\u00e9journez dans la s\u00e9r\u00e9nit\u00e9 absolue entre les deux magnifiques b\u00e2timents distincts, les jardins tranquilles et les romantiques et \u00e9l\u00e9gantes piscines. Les 20 chambres et maisonnettes et les 13 suites luxueuses sont l\u2019incarnation m\u00eame de l\u2019hospitalit\u00e9 et du service et sont toutes \u00e9quip\u00e9es d\u2019installations impeccables.","protected":false},"excerpt":{"rendered":"<p>Bienvenue en tr\u00e8s hospitali\u00e8re terre cr\u00e9toise et aux renomm\u00e9es\u00a0H\u00d4TELS-BOUTIQUE RIMONDI.\u00a0Les voyageurs \u00e9clectiques d\u00e9couvriront le summum de l\u2019\u00e9l\u00e9gance et du cosmopolitisme en plein c\u0153ur du vibrant quartier v\u00e9nitien de R\u00e9thymnon. S\u00e9journez dans la s\u00e9r\u00e9nit\u00e9 absolue entre les deux magnifiques b\u00e2timents distincts,&hellip;<\/p>\n","protected":false},"author":1,"featured_media":0,"parent":0,"menu_order":0,"comment_status":"closed","ping_status":"closed","template":"kobo\/home.php","meta":{"_acf_changed":false,"footnotes":""},"class_list":["post-12","page","type-page","status-publish","hentry","entry","no-media"],"acf":[],"_links":{"self":[{"href":"https:\/\/hotelsrimondi.com\/fr\/wp-json\/wp\/v2\/pages\/12","targetHints":{"allow":["GET"]}}],"collection":[{"href":"https:\/\/hotelsrimondi.com\/fr\/wp-json\/wp\/v2\/pages"}],"about":[{"href":"https:\/\/hotelsrimondi.com\/fr\/wp-json\/wp\/v2\/types\/page"}],"author":[{"embeddable":true,"href":"https:\/\/hotelsrimondi.com\/fr\/wp-json\/wp\/v2\/users\/1"}],"replies":[{"embeddable":true,"href":"https:\/\/hotelsrimondi.com\/fr\/wp-json\/wp\/v2\/comments?post=12"}],"version-history":[{"count":60,"href":"https:\/\/hotelsrimondi.com\/fr\/wp-json\/wp\/v2\/pages\/12\/revisions"}],"predecessor-version":[{"id":889,"href":"https:\/\/hotelsrimondi.com\/fr\/wp-json\/wp\/v2\/pages\/12\/revisions\/889"}],"wp:attachment":[{"href":"https:\/\/hotelsrimondi.com\/fr\/wp-json\/wp\/v2\/media?parent=12"}],"curies":[{"name":"wp","href":"https:\/\/api.w.org\/{rel}","templated":true}]}}