{"id":13,"date":"2019-09-09T18:59:48","date_gmt":"2019-09-09T16:59:48","guid":{"rendered":"http:\/\/iliomare.gr.88-99-71-143.linuxzone75.grserver.gr\/?page_id=11"},"modified":"2024-12-11T12:14:43","modified_gmt":"2024-12-11T10:14:43","slug":"accommodation","status":"publish","type":"page","link":"https:\/\/hotelsrimondi.com\/fr\/accommodation\/","title":{"rendered":"Accommodation"},"content":{"rendered":"<strong>Le complexe h\u00f4telier qui h\u00e9berge\u00a0 PALAZZO<\/strong>\u00a0<strong>RIMONDI<\/strong>\u00a0date en partie de l\u2019\u00e9poque de l\u2019occupation v\u00e9nitienne de la Cr\u00e8te (1200 \u2013 1600 av. J.-C.) et porte des influences \u00e9videntes de la Renaissance. S\u2019en sont suivi des s\u00e9ries de constructions \u00e9labor\u00e9es avec l\u2019ajout de b\u00e2timents durant l\u2019occupation turque et aussi durant les 19e et 20e si\u00e8cles.<\/p>\n<p><strong>Le complexe h\u00f4telier qui h\u00e9berge\u00a0RIMONDI\u00a0ESTATE<\/strong>\u00a0est destin\u00e9 aux voyageurs qui cherchent \u00e0 s\u00e9journer dans des lieux dont l\u2019architecture est unique et ceux qui souhaitent profiter en toute intimit\u00e9 du luxe et de l\u2019\u00e9l\u00e9gance raffin\u00e9e. Le tout est combin\u00e9 d\u2019une touche cosmopolite.","protected":false},"excerpt":{"rendered":"<p>Le complexe h\u00f4telier qui h\u00e9berge\u00a0 PALAZZO\u00a0RIMONDI\u00a0date en partie de l\u2019\u00e9poque de l\u2019occupation v\u00e9nitienne de la Cr\u00e8te (1200 \u2013 1600 av. J.-C.) et porte des influences \u00e9videntes de la Renaissance. S\u2019en sont suivi des s\u00e9ries de constructions \u00e9labor\u00e9es avec l\u2019ajout de&hellip;<\/p>\n","protected":false},"author":1,"featured_media":0,"parent":0,"menu_order":0,"comment_status":"closed","ping_status":"closed","template":"kobo\/rooms.php","meta":{"_acf_changed":false,"footnotes":""},"class_list":["post-13","page","type-page","status-publish","hentry","entry","no-media"],"acf":[],"_links":{"self":[{"href":"https:\/\/hotelsrimondi.com\/fr\/wp-json\/wp\/v2\/pages\/13","targetHints":{"allow":["GET"]}}],"collection":[{"href":"https:\/\/hotelsrimondi.com\/fr\/wp-json\/wp\/v2\/pages"}],"about":[{"href":"https:\/\/hotelsrimondi.com\/fr\/wp-json\/wp\/v2\/types\/page"}],"author":[{"embeddable":true,"href":"https:\/\/hotelsrimondi.com\/fr\/wp-json\/wp\/v2\/users\/1"}],"replies":[{"embeddable":true,"href":"https:\/\/hotelsrimondi.com\/fr\/wp-json\/wp\/v2\/comments?post=13"}],"version-history":[{"count":3,"href":"https:\/\/hotelsrimondi.com\/fr\/wp-json\/wp\/v2\/pages\/13\/revisions"}],"predecessor-version":[{"id":865,"href":"https:\/\/hotelsrimondi.com\/fr\/wp-json\/wp\/v2\/pages\/13\/revisions\/865"}],"wp:attachment":[{"href":"https:\/\/hotelsrimondi.com\/fr\/wp-json\/wp\/v2\/media?parent=13"}],"curies":[{"name":"wp","href":"https:\/\/api.w.org\/{rel}","templated":true}]}}