{"id":172,"date":"2019-10-15T19:43:22","date_gmt":"2019-10-15T17:43:22","guid":{"rendered":"http:\/\/biancolympico.com.88-99-71-143.linuxzone75.grserver.gr\/?page_id=164"},"modified":"2025-09-22T13:18:20","modified_gmt":"2025-09-22T11:18:20","slug":"facilities","status":"publish","type":"page","link":"https:\/\/hotelsrimondi.com\/fr\/facilities\/","title":{"rendered":"Installations"},"content":{"rendered":"<div class=\"exp-block\">\n<div class=\"exp-content\">\n<ul>\n<li>T\u00e9l\u00e9vision par satellite<\/li>\n<li>Coffre-fort<\/li>\n<li>Mini Bar<\/li>\n<li>Cafeti\u00e8re et th\u00e9i\u00e8re en chambre<\/li>\n<li>Hammam traditionnel<\/li>\n<li>Suites avec jacuzzi ext\u00e9rieur<\/li>\n<li>Piscines \u00e9tincelantes \u2013 \u00e9tangs<\/li>\n<li>Serviettes de piscine<\/li>\n<li>Cours int\u00e9rieures avec une atmosph\u00e8re relaxante<\/li>\n<li>Terrasse sur le toit pour bains de soleil<\/li>\n<li>Piscine ext\u00e9rieure<\/li>\n<li>Wifi gratuit dans les chambres et les espaces publics<\/li>\n<li>Coin Internet et ordinateur<\/li>\n<li>Espace salon confortable<\/li>\n<li>Salle de r\u00e9union (jusqu\u2019\u00e0 10 personnes)<\/li>\n<li>Bar<\/li>\n<\/ul>\n<\/div>\n<\/div>","protected":false},"excerpt":{"rendered":"<p>T\u00e9l\u00e9vision par satellite Coffre-fort Mini Bar Cafeti\u00e8re et th\u00e9i\u00e8re en chambre Hammam traditionnel Suites avec jacuzzi ext\u00e9rieur Piscines \u00e9tincelantes \u2013 \u00e9tangs Serviettes de piscine Cours int\u00e9rieures avec une atmosph\u00e8re relaxante Terrasse sur le toit pour bains de soleil Piscine ext\u00e9rieure&hellip;<\/p>\n","protected":false},"author":1,"featured_media":0,"parent":0,"menu_order":0,"comment_status":"closed","ping_status":"closed","template":"kobo\/about.php","meta":{"_acf_changed":false,"footnotes":""},"class_list":["post-172","page","type-page","status-publish","hentry","entry","no-media"],"acf":[],"_links":{"self":[{"href":"https:\/\/hotelsrimondi.com\/fr\/wp-json\/wp\/v2\/pages\/172","targetHints":{"allow":["GET"]}}],"collection":[{"href":"https:\/\/hotelsrimondi.com\/fr\/wp-json\/wp\/v2\/pages"}],"about":[{"href":"https:\/\/hotelsrimondi.com\/fr\/wp-json\/wp\/v2\/types\/page"}],"author":[{"embeddable":true,"href":"https:\/\/hotelsrimondi.com\/fr\/wp-json\/wp\/v2\/users\/1"}],"replies":[{"embeddable":true,"href":"https:\/\/hotelsrimondi.com\/fr\/wp-json\/wp\/v2\/comments?post=172"}],"version-history":[{"count":52,"href":"https:\/\/hotelsrimondi.com\/fr\/wp-json\/wp\/v2\/pages\/172\/revisions"}],"predecessor-version":[{"id":895,"href":"https:\/\/hotelsrimondi.com\/fr\/wp-json\/wp\/v2\/pages\/172\/revisions\/895"}],"wp:attachment":[{"href":"https:\/\/hotelsrimondi.com\/fr\/wp-json\/wp\/v2\/media?parent=172"}],"curies":[{"name":"wp","href":"https:\/\/api.w.org\/{rel}","templated":true}]}}