{"id":19,"date":"2019-09-09T19:00:19","date_gmt":"2019-09-09T17:00:19","guid":{"rendered":"http:\/\/iliomare.gr.88-99-71-143.linuxzone75.grserver.gr\/?page_id=19"},"modified":"2024-12-11T12:18:19","modified_gmt":"2024-12-11T10:18:19","slug":"location","status":"publish","type":"page","link":"https:\/\/hotelsrimondi.com\/fr\/location\/","title":{"rendered":"Location"},"content":{"rendered":"L\u2019h\u00f4tel, situ\u00e9 dans le c\u0153ur de la vieille vielle m\u00e9di\u00e9vale de R\u00e9thymnon, est adjacent aux plus importants monuments comme la Fortezza (la forteresse v\u00e9nitienne), la Loggia, la fontaine Rimondi et l\u2019\u00c9glise Saint-Francis.<br \/>\nAfin de vous rendre aux h\u00f4tels-boutique Rimondi \u00e0 partir d\u2019H\u00e9raklion ou de Chania, vous devez emprunter la route qui m\u00e8ne \u00e0 R\u00e9thymnon et conduire le long de la c\u00f4te et de la forteresse v\u00e9nitienne. L\u2019h\u00f4tel pourra arranger vos transports de bagages sur demande.<\/p>\n<p>Apr\u00e8s avoir pass\u00e9 l\u2019\u00c9glise Catholique, sur votre gauche, vous verrez la rue Xanthoudidou ou sont situ\u00e9s 100 m\u00e8tres plus loin les h\u00f4tels-boutique Rimondi. La rue Xanthoudidou est une rue pi\u00e9tonne, donc le stationnement y est interdit. Nous vous recommandons donc de garer votre v\u00e9hicule dans les stationnements sur la rue Melissinou ou au port.<\/p>\n<div class=\"banners-front-space\">\n<div id=\"wrap\">\n<div id=\"right_col\">\n<p>A\u00e9roport d\u2019H\u00e9raklion &#8211; 85 km<\/p>\n<p>A\u00e9roport de Chania &#8211; 70 km<\/p>\n<\/div>\n<\/div>\n<\/div>\n<div class=\"banners-front-space-b\">\n<div id=\"wrap\">\n<div id=\"right_col\">\n<p>Port de R\u00e9thymnon &#8211; 250 meters \/ Port de Chania &#8211; 85 km<\/p>\n<p>Port d\u2019H\u00e9raklion &#8211; 70 km<\/p>\n<\/div>\n<\/div>\n<\/div>\n<div class=\"banners-front-space-c\">\n<div id=\"wrap\"><\/div>\n<\/div>\n<div class=\"banners-front-space-d\">\n<div id=\"wrap\">\n<div id=\"right_col-b\">\n<p>Mus\u00e9e arch\u00e9ologique &#8211; 180 m\u00e8tres<\/p>\n<\/div>\n<\/div>\n<\/div>","protected":false},"excerpt":{"rendered":"<p>L\u2019h\u00f4tel, situ\u00e9 dans le c\u0153ur de la vieille vielle m\u00e9di\u00e9vale de R\u00e9thymnon, est adjacent aux plus importants monuments comme la Fortezza (la forteresse v\u00e9nitienne), la Loggia, la fontaine Rimondi et l\u2019\u00c9glise Saint-Francis. Afin de vous rendre aux h\u00f4tels-boutique Rimondi \u00e0&hellip;<\/p>\n","protected":false},"author":1,"featured_media":0,"parent":0,"menu_order":0,"comment_status":"closed","ping_status":"closed","template":"kobo\/location.php","meta":{"_acf_changed":false,"footnotes":""},"class_list":["post-19","page","type-page","status-publish","hentry","entry","no-media"],"acf":[],"_links":{"self":[{"href":"https:\/\/hotelsrimondi.com\/fr\/wp-json\/wp\/v2\/pages\/19","targetHints":{"allow":["GET"]}}],"collection":[{"href":"https:\/\/hotelsrimondi.com\/fr\/wp-json\/wp\/v2\/pages"}],"about":[{"href":"https:\/\/hotelsrimondi.com\/fr\/wp-json\/wp\/v2\/types\/page"}],"author":[{"embeddable":true,"href":"https:\/\/hotelsrimondi.com\/fr\/wp-json\/wp\/v2\/users\/1"}],"replies":[{"embeddable":true,"href":"https:\/\/hotelsrimondi.com\/fr\/wp-json\/wp\/v2\/comments?post=19"}],"version-history":[{"count":22,"href":"https:\/\/hotelsrimondi.com\/fr\/wp-json\/wp\/v2\/pages\/19\/revisions"}],"predecessor-version":[{"id":871,"href":"https:\/\/hotelsrimondi.com\/fr\/wp-json\/wp\/v2\/pages\/19\/revisions\/871"}],"wp:attachment":[{"href":"https:\/\/hotelsrimondi.com\/fr\/wp-json\/wp\/v2\/media?parent=19"}],"curies":[{"name":"wp","href":"https:\/\/api.w.org\/{rel}","templated":true}]}}