{"id":356,"date":"2019-12-12T14:31:21","date_gmt":"2019-12-12T12:31:21","guid":{"rendered":"http:\/\/hotelsrimondi.com.88-99-71-143.linuxzone75.grserver.gr\/?page_id=356"},"modified":"2024-12-11T22:00:27","modified_gmt":"2024-12-11T20:00:27","slug":"palazzo-rimondi","status":"publish","type":"page","link":"https:\/\/hotelsrimondi.com\/fr\/palazzo-rimondi\/","title":{"rendered":"Palazzo Rimondi"},"content":{"rendered":"Le Palazzo Rimondi est en partie situ\u00e9 dans un b\u00e2timent datant de la p\u00e9riode de l&rsquo;occupation v\u00e9nitienne de la Cr\u00e8te (1200 \u2013 1600 apr\u00e8s J.-C.) et portant des influences \u00e9videntes de la Renaissance.<\/p>\n<p>Il a suivi une s\u00e9rie de phases de construction \u00e9labor\u00e9es sous forme d&rsquo;ajouts de b\u00e2timents pendant l&rsquo;occupation turque, ainsi que pendant les 19e et 20e si\u00e8cles.","protected":false},"excerpt":{"rendered":"<p>Le Palazzo Rimondi est en partie situ\u00e9 dans un b\u00e2timent datant de la p\u00e9riode de l&rsquo;occupation v\u00e9nitienne de la Cr\u00e8te (1200 \u2013 1600 apr\u00e8s J.-C.) et portant des influences \u00e9videntes de la Renaissance. Il a suivi une s\u00e9rie de phases&hellip;<\/p>\n","protected":false},"author":1,"featured_media":0,"parent":0,"menu_order":0,"comment_status":"closed","ping_status":"closed","template":"kobo\/roomspalazzo.php","meta":{"_acf_changed":false,"footnotes":""},"class_list":["post-356","page","type-page","status-publish","hentry","entry","no-media"],"acf":[],"_links":{"self":[{"href":"https:\/\/hotelsrimondi.com\/fr\/wp-json\/wp\/v2\/pages\/356","targetHints":{"allow":["GET"]}}],"collection":[{"href":"https:\/\/hotelsrimondi.com\/fr\/wp-json\/wp\/v2\/pages"}],"about":[{"href":"https:\/\/hotelsrimondi.com\/fr\/wp-json\/wp\/v2\/types\/page"}],"author":[{"embeddable":true,"href":"https:\/\/hotelsrimondi.com\/fr\/wp-json\/wp\/v2\/users\/1"}],"replies":[{"embeddable":true,"href":"https:\/\/hotelsrimondi.com\/fr\/wp-json\/wp\/v2\/comments?post=356"}],"version-history":[{"count":8,"href":"https:\/\/hotelsrimondi.com\/fr\/wp-json\/wp\/v2\/pages\/356\/revisions"}],"predecessor-version":[{"id":888,"href":"https:\/\/hotelsrimondi.com\/fr\/wp-json\/wp\/v2\/pages\/356\/revisions\/888"}],"wp:attachment":[{"href":"https:\/\/hotelsrimondi.com\/fr\/wp-json\/wp\/v2\/media?parent=356"}],"curies":[{"name":"wp","href":"https:\/\/api.w.org\/{rel}","templated":true}]}}