{"id":359,"date":"2019-12-12T14:33:04","date_gmt":"2019-12-12T12:33:04","guid":{"rendered":"http:\/\/hotelsrimondi.com.88-99-71-143.linuxzone75.grserver.gr\/?page_id=359"},"modified":"2024-12-11T21:58:50","modified_gmt":"2024-12-11T19:58:50","slug":"rimondi-estate","status":"publish","type":"page","link":"https:\/\/hotelsrimondi.com\/fr\/rimondi-estate\/","title":{"rendered":"Rimondi Estate"},"content":{"rendered":"Le Rimondi Estate est destin\u00e9 aux voyageurs souhaitant s\u00e9journer dans un cadre d&rsquo;architecture unique et \u00e0 ceux qui souhaitent s&rsquo;adonner \u00e0 un luxe discret et \u00e0 une \u00e9l\u00e9gance raffin\u00e9e.<\/p>\n<p>Toujours en combinaison avec une touche de cosmopolitisme.","protected":false},"excerpt":{"rendered":"<p>Le Rimondi Estate est destin\u00e9 aux voyageurs souhaitant s\u00e9journer dans un cadre d&rsquo;architecture unique et \u00e0 ceux qui souhaitent s&rsquo;adonner \u00e0 un luxe discret et \u00e0 une \u00e9l\u00e9gance raffin\u00e9e. Toujours en combinaison avec une touche de cosmopolitisme.<\/p>\n","protected":false},"author":1,"featured_media":0,"parent":0,"menu_order":0,"comment_status":"closed","ping_status":"closed","template":"kobo\/roomsrimondi.php","meta":{"_acf_changed":false,"footnotes":""},"class_list":["post-359","page","type-page","status-publish","hentry","entry","no-media"],"acf":[],"_links":{"self":[{"href":"https:\/\/hotelsrimondi.com\/fr\/wp-json\/wp\/v2\/pages\/359","targetHints":{"allow":["GET"]}}],"collection":[{"href":"https:\/\/hotelsrimondi.com\/fr\/wp-json\/wp\/v2\/pages"}],"about":[{"href":"https:\/\/hotelsrimondi.com\/fr\/wp-json\/wp\/v2\/types\/page"}],"author":[{"embeddable":true,"href":"https:\/\/hotelsrimondi.com\/fr\/wp-json\/wp\/v2\/users\/1"}],"replies":[{"embeddable":true,"href":"https:\/\/hotelsrimondi.com\/fr\/wp-json\/wp\/v2\/comments?post=359"}],"version-history":[{"count":7,"href":"https:\/\/hotelsrimondi.com\/fr\/wp-json\/wp\/v2\/pages\/359\/revisions"}],"predecessor-version":[{"id":887,"href":"https:\/\/hotelsrimondi.com\/fr\/wp-json\/wp\/v2\/pages\/359\/revisions\/887"}],"wp:attachment":[{"href":"https:\/\/hotelsrimondi.com\/fr\/wp-json\/wp\/v2\/media?parent=359"}],"curies":[{"name":"wp","href":"https:\/\/api.w.org\/{rel}","templated":true}]}}