{"id":463,"date":"2020-01-10T14:28:06","date_gmt":"2020-01-10T12:28:06","guid":{"rendered":"http:\/\/hotelsrimondi.com.88-99-71-143.linuxzone75.grserver.gr\/?page_id=463"},"modified":"2024-12-11T21:54:08","modified_gmt":"2024-12-11T19:54:08","slug":"wellness-center","status":"publish","type":"page","link":"https:\/\/hotelsrimondi.com\/fr\/wellness-center\/","title":{"rendered":"Wellness Center"},"content":{"rendered":"Plongez dans le Hammam Traditionnel de Rimondi. Notre Hammam combine d\u00e9toxification du corps et soins \u00e0 la vapeur. Plus qu&rsquo;un simple lieu de purification physique, il associe la convivialit\u00e9 avec des amis \u00e0 une exp\u00e9rience profond\u00e9ment relaxante et apaisante. D\u00e9couvrez un sanctuaire de calme qui vous laissera d\u00e9tendu, recharg\u00e9 et revitalis\u00e9.<\/p>\n<p>Heures d&rsquo;ouverture : 09:00 &#8211; 23:00<\/p>\n<p>Pour le service Hammam, contactez la r\u00e9ception au moins une heure \u00e0 l\u2019avance.<\/p>\n<p>Veuillez nous permettre de vous informer sur les bienfaits et les contre-indications du hammam avant de l&rsquo;utiliser.<\/p>\n<p>Suites avec Jacuzzi ext\u00e9rieur<\/p>\n<p>Atteignez le summum du bonheur depuis le confort de votre propre suite, en s\u00e9journant dans l\u2019une de nos Suites avec Jacuzzi ext\u00e9rieur.<\/p>\n<p>Dot\u00e9es d\u2019un jardin priv\u00e9 avec Jacuzzi ext\u00e9rieur, d\u2019une chambre somptueuse avec un lit king-size, un canap\u00e9-lit et une salle de bain magnifiquement am\u00e9nag\u00e9e, ces suites sublimes sont le choix parfait pour une escapade exceptionnellement relaxante. Retirez-vous dans votre suite pour un moment de bonheur bien m\u00e9rit\u00e9.","protected":false},"excerpt":{"rendered":"<p>Plongez dans le Hammam Traditionnel de Rimondi. Notre Hammam combine d\u00e9toxification du corps et soins \u00e0 la vapeur. Plus qu&rsquo;un simple lieu de purification physique, il associe la convivialit\u00e9 avec des amis \u00e0 une exp\u00e9rience profond\u00e9ment relaxante et apaisante. D\u00e9couvrez&hellip;<\/p>\n","protected":false},"author":1,"featured_media":0,"parent":0,"menu_order":0,"comment_status":"closed","ping_status":"closed","template":"kobo\/spa.php","meta":{"_acf_changed":false,"footnotes":""},"class_list":["post-463","page","type-page","status-publish","hentry","entry","no-media"],"acf":[],"_links":{"self":[{"href":"https:\/\/hotelsrimondi.com\/fr\/wp-json\/wp\/v2\/pages\/463","targetHints":{"allow":["GET"]}}],"collection":[{"href":"https:\/\/hotelsrimondi.com\/fr\/wp-json\/wp\/v2\/pages"}],"about":[{"href":"https:\/\/hotelsrimondi.com\/fr\/wp-json\/wp\/v2\/types\/page"}],"author":[{"embeddable":true,"href":"https:\/\/hotelsrimondi.com\/fr\/wp-json\/wp\/v2\/users\/1"}],"replies":[{"embeddable":true,"href":"https:\/\/hotelsrimondi.com\/fr\/wp-json\/wp\/v2\/comments?post=463"}],"version-history":[{"count":36,"href":"https:\/\/hotelsrimondi.com\/fr\/wp-json\/wp\/v2\/pages\/463\/revisions"}],"predecessor-version":[{"id":885,"href":"https:\/\/hotelsrimondi.com\/fr\/wp-json\/wp\/v2\/pages\/463\/revisions\/885"}],"wp:attachment":[{"href":"https:\/\/hotelsrimondi.com\/fr\/wp-json\/wp\/v2\/media?parent=463"}],"curies":[{"name":"wp","href":"https:\/\/api.w.org\/{rel}","templated":true}]}}