{"id":587,"date":"2020-07-03T17:39:46","date_gmt":"2020-07-03T15:39:46","guid":{"rendered":"https:\/\/hotelsrimondi.com\/?page_id=587"},"modified":"2024-12-11T21:57:19","modified_gmt":"2024-12-11T19:57:19","slug":"rimondi-residences","status":"publish","type":"page","link":"https:\/\/hotelsrimondi.com\/fr\/rimondi-residences\/","title":{"rendered":"Rimondi Residences"},"content":{"rendered":"Les Rimondi Residences offrent des espaces de luxe contemporains, promettant un s\u00e9jour unique dans la vieille ville de R\u00e9thymnon, \u00e0 seulement 180 m\u00e8tres des Rimondi Boutique Hotels.<\/p>\n<p>Chaque Rimondi Residence propose des \u00e9quipements haut de gamme ainsi qu&rsquo;un acc\u00e8s \u00e0 toutes les installations et services de l&rsquo;h\u00f4tel sur demande.<\/p>\n<p>L&rsquo;atmosph\u00e8re intime et l&rsquo;attention aux d\u00e9tails garantiront une exp\u00e9rience inoubliable.","protected":false},"excerpt":{"rendered":"<p>Les Rimondi Residences offrent des espaces de luxe contemporains, promettant un s\u00e9jour unique dans la vieille ville de R\u00e9thymnon, \u00e0 seulement 180 m\u00e8tres des Rimondi Boutique Hotels. Chaque Rimondi Residence propose des \u00e9quipements haut de gamme ainsi qu&rsquo;un acc\u00e8s \u00e0&hellip;<\/p>\n","protected":false},"author":1,"featured_media":0,"parent":0,"menu_order":0,"comment_status":"closed","ping_status":"closed","template":"kobo\/roomsresidences.php","meta":{"_acf_changed":false,"footnotes":""},"class_list":["post-587","page","type-page","status-publish","hentry","entry","no-media"],"acf":[],"_links":{"self":[{"href":"https:\/\/hotelsrimondi.com\/fr\/wp-json\/wp\/v2\/pages\/587","targetHints":{"allow":["GET"]}}],"collection":[{"href":"https:\/\/hotelsrimondi.com\/fr\/wp-json\/wp\/v2\/pages"}],"about":[{"href":"https:\/\/hotelsrimondi.com\/fr\/wp-json\/wp\/v2\/types\/page"}],"author":[{"embeddable":true,"href":"https:\/\/hotelsrimondi.com\/fr\/wp-json\/wp\/v2\/users\/1"}],"replies":[{"embeddable":true,"href":"https:\/\/hotelsrimondi.com\/fr\/wp-json\/wp\/v2\/comments?post=587"}],"version-history":[{"count":6,"href":"https:\/\/hotelsrimondi.com\/fr\/wp-json\/wp\/v2\/pages\/587\/revisions"}],"predecessor-version":[{"id":886,"href":"https:\/\/hotelsrimondi.com\/fr\/wp-json\/wp\/v2\/pages\/587\/revisions\/886"}],"wp:attachment":[{"href":"https:\/\/hotelsrimondi.com\/fr\/wp-json\/wp\/v2\/media?parent=587"}],"curies":[{"name":"wp","href":"https:\/\/api.w.org\/{rel}","templated":true}]}}